{"id":11004,"date":"2018-06-29T00:31:35","date_gmt":"2018-06-29T00:31:35","guid":{"rendered":"http:\/\/sexshopzagues.com.mx\/tienda\/?post_type=product&#038;p=11004"},"modified":"2023-02-24T21:46:19","modified_gmt":"2023-02-24T21:46:19","slug":"m-mello-thick-realistic-dildo-black","status":"publish","type":"product","link":"https:\/\/sexshopzagues.com.mx\/tienda\/?product=m-mello-thick-realistic-dildo-black","title":{"rendered":"M Mello Thick Realistic Dildo &#8211; Black"},"content":{"rendered":"<p>Descubre la textura sedosa de este incre\u00edble vibrador. Su poderoso motor consta de 7 funciones de pulsaci\u00f3n, vibraci\u00f3n y escaladas, manipuladas por bot\u00f3n; su curvatura y venas, a\u00f1adir\u00e1n a\u00fan m\u00e1s estimulaci\u00f3n.<\/p>\n<p>Fabricado en silic\u00f3n grado m\u00e9dico<\/p>\n<p>7 Frecuencias<\/p>\n<p>A prueba de agua<\/p>\n<p>Medidas: 16.5cm (insertables) x 4cm<\/p>\n","protected":false},"excerpt":{"rendered":"Vibrador de silic\u00f3n con 7 frecuencias.","protected":false},"featured_media":11005,"comment_status":"open","ping_status":"closed","template":"","meta":[],"product_cat":[57],"product_tag":[96,77,91,118],"_links":{"self":[{"href":"https:\/\/sexshopzagues.com.mx\/tienda\/index.php?rest_route=\/wp\/v2\/product\/11004"}],"collection":[{"href":"https:\/\/sexshopzagues.com.mx\/tienda\/index.php?rest_route=\/wp\/v2\/product"}],"about":[{"href":"https:\/\/sexshopzagues.com.mx\/tienda\/index.php?rest_route=\/wp\/v2\/types\/product"}],"replies":[{"embeddable":true,"href":"https:\/\/sexshopzagues.com.mx\/tienda\/index.php?rest_route=%2Fwp%2Fv2%2Fcomments&post=11004"}],"wp:featuredmedia":[{"embeddable":true,"href":"https:\/\/sexshopzagues.com.mx\/tienda\/index.php?rest_route=\/wp\/v2\/media\/11005"}],"wp:attachment":[{"href":"https:\/\/sexshopzagues.com.mx\/tienda\/index.php?rest_route=%2Fwp%2Fv2%2Fmedia&parent=11004"}],"wp:term":[{"taxonomy":"product_cat","embeddable":true,"href":"https:\/\/sexshopzagues.com.mx\/tienda\/index.php?rest_route=%2Fwp%2Fv2%2Fproduct_cat&post=11004"},{"taxonomy":"product_tag","embeddable":true,"href":"https:\/\/sexshopzagues.com.mx\/tienda\/index.php?rest_route=%2Fwp%2Fv2%2Fproduct_tag&post=11004"}],"curies":[{"name":"wp","href":"https:\/\/api.w.org\/{rel}","templated":true}]}}