{"id":10833,"date":"2018-05-30T19:25:40","date_gmt":"2018-05-30T19:25:40","guid":{"rendered":"http:\/\/sexshopzagues.com.mx\/tienda\/?post_type=product&#038;p=10833"},"modified":"2023-02-24T21:54:27","modified_gmt":"2023-02-24T21:54:27","slug":"pipedream-extreme-tuna-taco","status":"publish","type":"product","link":"https:\/\/sexshopzagues.com.mx\/tienda\/?product=pipedream-extreme-tuna-taco","title":{"rendered":"Pipedream Extreme Tuna Taco"},"content":{"rendered":"<p>Masturbador en forma de vagina, material y forma real\u00edsticos. Canales texturizados para brindarte a\u00fan mas placer. Puedes adaptarle un anillo vibrador para hacer m\u00e1s placentera tu experiencia.<\/p>\n<p>Incluye muestra de lubricante y limpiador.<\/p>\n<p>Medidas: 12.7cm x 7.6cm x 6.4cm<\/p>\n","protected":false},"excerpt":{"rendered":"Masturbador vagina, material real\u00edstico.","protected":false},"featured_media":10834,"comment_status":"open","ping_status":"closed","template":"","meta":[],"product_cat":[66],"product_tag":[82,76],"_links":{"self":[{"href":"https:\/\/sexshopzagues.com.mx\/tienda\/index.php?rest_route=\/wp\/v2\/product\/10833"}],"collection":[{"href":"https:\/\/sexshopzagues.com.mx\/tienda\/index.php?rest_route=\/wp\/v2\/product"}],"about":[{"href":"https:\/\/sexshopzagues.com.mx\/tienda\/index.php?rest_route=\/wp\/v2\/types\/product"}],"replies":[{"embeddable":true,"href":"https:\/\/sexshopzagues.com.mx\/tienda\/index.php?rest_route=%2Fwp%2Fv2%2Fcomments&post=10833"}],"wp:featuredmedia":[{"embeddable":true,"href":"https:\/\/sexshopzagues.com.mx\/tienda\/index.php?rest_route=\/wp\/v2\/media\/10834"}],"wp:attachment":[{"href":"https:\/\/sexshopzagues.com.mx\/tienda\/index.php?rest_route=%2Fwp%2Fv2%2Fmedia&parent=10833"}],"wp:term":[{"taxonomy":"product_cat","embeddable":true,"href":"https:\/\/sexshopzagues.com.mx\/tienda\/index.php?rest_route=%2Fwp%2Fv2%2Fproduct_cat&post=10833"},{"taxonomy":"product_tag","embeddable":true,"href":"https:\/\/sexshopzagues.com.mx\/tienda\/index.php?rest_route=%2Fwp%2Fv2%2Fproduct_tag&post=10833"}],"curies":[{"name":"wp","href":"https:\/\/api.w.org\/{rel}","templated":true}]}}