{"id":10771,"date":"2018-05-22T16:41:49","date_gmt":"2018-05-22T16:41:49","guid":{"rendered":"http:\/\/sexshopzagues.com.mx\/tienda\/?post_type=product&#038;p=10771"},"modified":"2023-02-24T21:57:10","modified_gmt":"2023-02-24T21:57:10","slug":"jimmyjane-evoke-du-o-vibrating-massage-wheel","status":"publish","type":"product","link":"https:\/\/sexshopzagues.com.mx\/tienda\/?product=jimmyjane-evoke-du-o-vibrating-massage-wheel","title":{"rendered":"JIMMYJANE evoke &#8211; du-o Vibrating Massage Wheel"},"content":{"rendered":"<div style=\"width: 640px;\" class=\"wp-video\"><!--[if lt IE 9]><script>document.createElement('video');<\/script><![endif]-->\n<video class=\"wp-video-shortcode\" id=\"video-10771-1\" width=\"640\" height=\"360\" preload=\"metadata\" controls=\"controls\"><source type=\"video\/mp4\" src=\"http:\/\/sexshopzagues.com.mx\/tienda\/wp-content\/uploads\/2018\/05\/JJ10100-JIMMYJANE-evoke-du-o-Vibrating-Massage-Wheel.mp4?_=1\" \/><a href=\"http:\/\/sexshopzagues.com.mx\/tienda\/wp-content\/uploads\/2018\/05\/JJ10100-JIMMYJANE-evoke-du-o-Vibrating-Massage-Wheel.mp4\">http:\/\/sexshopzagues.com.mx\/tienda\/wp-content\/uploads\/2018\/05\/JJ10100-JIMMYJANE-evoke-du-o-Vibrating-Massage-Wheel.mp4<\/a><\/video><\/div>\n<p>Evoke du-o es un potente vibrador con rueda con pliegues para masajear todos los contornos del cuerpo. LLeva un motor dentro del mango de silicona que prorporcionar\u00e1 un agradable masaje con sus vibraciones. Su mango, te permitir\u00e1 que puedas sujetarlo con facilidad y masajear placenteramente el cuello, espalda y aquellos musculos en los que acumules tensi\u00f3n. Los pliegues de la rueda estimular\u00e1 los nervios de los m\u00fasculos aumentando el riego sangu\u00edneo. \u00a1Es lo \u00faltimo en masajes!<\/p>\n<p>Los Evoke son\u00a0los\u00a0primeros masajeadores vibradores que combinan un masaje con su rueda y a la vez vibraci\u00f3n. La suave silicona de la rueda, se deslizar\u00e1 f\u00e1cilmente por los contornos del cuerpo para relajar y vigorizar los m\u00fasculos, mientras que la vibraci\u00f3n estimula los nervios para aumentar la circulaci\u00f3n y reducir el estr\u00e9s. A diferencia de otros masajeadores, la revolucionaria rueda est\u00e1 dise\u00f1ada especialmente para poder llegar a todos los puntos. Con solo una m\u00ednima presi\u00f3n, el Evoke te convertir\u00e1 en todo un m\u00e1ster del masaje. \u00dasalo solo o con tu pareja y utiliza un tratamiento profesional en casa. Elige la sensaci\u00f3n.<\/p>\n<ul>\n<li>Dos puntos de vibraci\u00f3n, en la rueda y en el mango para ser usado como vibrador.<\/li>\n<li>Mango de silicona ergon\u00f3mica dise\u00f1ado<\/li>\n<li>Muy f\u00e1cil de usar. solo tiene dos botones.<\/li>\n<li>Recargable v\u00eda USB<\/li>\n<li>Bater\u00eda de Litio de gran calidad<\/li>\n<li>Potentes vibraciones. Dos motores japoneses independientes (uno en la rueda, otro en el mango)<\/li>\n<li>Medidas:\n<ul>\n<li>Ancho: 51 mm<\/li>\n<li>Longitud: 203 mm<\/li>\n<li>Fondo: 35 mm<\/li>\n<li>Longitud insertable: 108 mm<\/li>\n<li>Peso: 198.44 grams<\/li>\n<\/ul>\n<\/li>\n<\/ul>\n","protected":false},"excerpt":{"rendered":"Masajeador profesional con vibraciones de gran alcance, recargable.","protected":false},"featured_media":10772,"comment_status":"open","ping_status":"closed","template":"","meta":[],"product_cat":[72,157,57],"product_tag":[94,91,92,118,76,93,90],"_links":{"self":[{"href":"https:\/\/sexshopzagues.com.mx\/tienda\/index.php?rest_route=\/wp\/v2\/product\/10771"}],"collection":[{"href":"https:\/\/sexshopzagues.com.mx\/tienda\/index.php?rest_route=\/wp\/v2\/product"}],"about":[{"href":"https:\/\/sexshopzagues.com.mx\/tienda\/index.php?rest_route=\/wp\/v2\/types\/product"}],"replies":[{"embeddable":true,"href":"https:\/\/sexshopzagues.com.mx\/tienda\/index.php?rest_route=%2Fwp%2Fv2%2Fcomments&post=10771"}],"wp:featuredmedia":[{"embeddable":true,"href":"https:\/\/sexshopzagues.com.mx\/tienda\/index.php?rest_route=\/wp\/v2\/media\/10772"}],"wp:attachment":[{"href":"https:\/\/sexshopzagues.com.mx\/tienda\/index.php?rest_route=%2Fwp%2Fv2%2Fmedia&parent=10771"}],"wp:term":[{"taxonomy":"product_cat","embeddable":true,"href":"https:\/\/sexshopzagues.com.mx\/tienda\/index.php?rest_route=%2Fwp%2Fv2%2Fproduct_cat&post=10771"},{"taxonomy":"product_tag","embeddable":true,"href":"https:\/\/sexshopzagues.com.mx\/tienda\/index.php?rest_route=%2Fwp%2Fv2%2Fproduct_tag&post=10771"}],"curies":[{"name":"wp","href":"https:\/\/api.w.org\/{rel}","templated":true}]}}