{"id":10763,"date":"2018-05-17T22:54:21","date_gmt":"2018-05-17T22:54:21","guid":{"rendered":"http:\/\/sexshopzagues.com.mx\/tienda\/?post_type=product&#038;p=10763"},"modified":"2023-02-24T22:03:02","modified_gmt":"2023-02-24T22:03:02","slug":"pipedream-extreme-toyz-sorority-snatch","status":"publish","type":"product","link":"https:\/\/sexshopzagues.com.mx\/tienda\/?product=pipedream-extreme-toyz-sorority-snatch","title":{"rendered":"Pipedream Extreme Toyz Sorority Snatch"},"content":{"rendered":"<p>\u00a1La clase est\u00e1 en sesi\u00f3n y Stroking 101 es el sujeto! \u00a1Este s\u00faper lindo Sorority Snatch no puede esperar para cumplir la promesa de complacer a tu pene! Ella est\u00e1 cerrando sus libros y abriendo sus piernas, y su colegiala de primer a\u00f1o est\u00e1 lista para el examen. Su hendidura estrecha virgen envuelve cada cent\u00edmetro de su barra de placer y se siente como la verdadera, \u00a1solo que mejor! La pr\u00e1ctica hace las delicias, \u00a1as\u00ed que folla a tu compa\u00f1ero de estudio cachondo en cada oportunidad que tengas y haz que pasen la noche entera!<\/p>\n<p>Masturbador en forma de vagina, con canales texturizados para aumentar la estimulaci\u00f3n, fabricado en material real\u00edstico (Fanta Flesh)<\/p>\n<p>Incluye muestras de lubricante y limpiador.<\/p>\n<p>Medidas: 12.7cm x 4.5cm<\/p>\n","protected":false},"excerpt":{"rendered":"Masturbador tipo vagina.","protected":false},"featured_media":10764,"comment_status":"open","ping_status":"closed","template":"","meta":[],"product_cat":[159,66],"product_tag":[82,76],"_links":{"self":[{"href":"https:\/\/sexshopzagues.com.mx\/tienda\/index.php?rest_route=\/wp\/v2\/product\/10763"}],"collection":[{"href":"https:\/\/sexshopzagues.com.mx\/tienda\/index.php?rest_route=\/wp\/v2\/product"}],"about":[{"href":"https:\/\/sexshopzagues.com.mx\/tienda\/index.php?rest_route=\/wp\/v2\/types\/product"}],"replies":[{"embeddable":true,"href":"https:\/\/sexshopzagues.com.mx\/tienda\/index.php?rest_route=%2Fwp%2Fv2%2Fcomments&post=10763"}],"wp:featuredmedia":[{"embeddable":true,"href":"https:\/\/sexshopzagues.com.mx\/tienda\/index.php?rest_route=\/wp\/v2\/media\/10764"}],"wp:attachment":[{"href":"https:\/\/sexshopzagues.com.mx\/tienda\/index.php?rest_route=%2Fwp%2Fv2%2Fmedia&parent=10763"}],"wp:term":[{"taxonomy":"product_cat","embeddable":true,"href":"https:\/\/sexshopzagues.com.mx\/tienda\/index.php?rest_route=%2Fwp%2Fv2%2Fproduct_cat&post=10763"},{"taxonomy":"product_tag","embeddable":true,"href":"https:\/\/sexshopzagues.com.mx\/tienda\/index.php?rest_route=%2Fwp%2Fv2%2Fproduct_tag&post=10763"}],"curies":[{"name":"wp","href":"https:\/\/api.w.org\/{rel}","templated":true}]}}