{"id":10741,"date":"2018-05-12T01:07:30","date_gmt":"2018-05-12T01:07:30","guid":{"rendered":"http:\/\/sexshopzagues.com.mx\/tienda\/?post_type=product&#038;p=10741"},"modified":"2023-02-24T22:02:33","modified_gmt":"2023-02-24T22:02:33","slug":"10741","status":"publish","type":"product","link":"https:\/\/sexshopzagues.com.mx\/tienda\/?product=10741","title":{"rendered":"Ava &#8211; Pink"},"content":{"rendered":"<p>Jill trae apariencia sensual como ninguna otra. Ava es un vibrador de conejo muy \u00e1gil y ha sido dise\u00f1ado con precisi\u00f3n, por lo que es perfecto para satisfacer tus m\u00e1s profundos deseos. Hemos utilizado una nueva tecnolog\u00eda para desarrollar este juguete de silicona de grado m\u00e9dico, que le da a Ava la suavidad y la flexibilidad sin fin para ajustarse perfectamente a la forma de su cuerpo. Los dos motores s\u00faper silenciosos pero a la vez muy potentes de 10 velocidades proporcionar\u00e1n una estimulaci\u00f3n vaginal y clitoridiana satisfactoria que funcionar\u00e1 incluso en las aguas m\u00e1s profundas. \u00a1Tambi\u00e9n puede operar los controles con una mano! Cuando usted y su pareja terminen, simplemente con\u00e9ctelo al Cargador USB incluido. Un solo toque ser\u00e1 suficiente para enamorarse del calor que irradia este juguete. \u00a1Permita que Jill ingrese a su vida y deje que lo abrume con afecto!<\/p>\n<ul>\n<li>Punto G<\/li>\n<li>Clitoris<\/li>\n<li>Super flexible<\/li>\n<li>10 Modos de vibraci\u00f3n<\/li>\n<li>Largo insertable: 13cm x 3.7cm largo total: 22cm<\/li>\n<li>Recargable<\/li>\n<li>Tiempo de carga: 210min<\/li>\n<li>Tiempo de trabajo: 60min<\/li>\n<li>Sumergible<\/li>\n<\/ul>\n","protected":false},"excerpt":{"rendered":"Vibrador Hi-Tech, recargable, de silic\u00f3n l\u00edquido.","protected":false},"featured_media":10742,"comment_status":"open","ping_status":"closed","template":"","meta":[],"product_cat":[72,57],"product_tag":[96,94,91,92,86,93,150],"_links":{"self":[{"href":"https:\/\/sexshopzagues.com.mx\/tienda\/index.php?rest_route=\/wp\/v2\/product\/10741"}],"collection":[{"href":"https:\/\/sexshopzagues.com.mx\/tienda\/index.php?rest_route=\/wp\/v2\/product"}],"about":[{"href":"https:\/\/sexshopzagues.com.mx\/tienda\/index.php?rest_route=\/wp\/v2\/types\/product"}],"replies":[{"embeddable":true,"href":"https:\/\/sexshopzagues.com.mx\/tienda\/index.php?rest_route=%2Fwp%2Fv2%2Fcomments&post=10741"}],"wp:featuredmedia":[{"embeddable":true,"href":"https:\/\/sexshopzagues.com.mx\/tienda\/index.php?rest_route=\/wp\/v2\/media\/10742"}],"wp:attachment":[{"href":"https:\/\/sexshopzagues.com.mx\/tienda\/index.php?rest_route=%2Fwp%2Fv2%2Fmedia&parent=10741"}],"wp:term":[{"taxonomy":"product_cat","embeddable":true,"href":"https:\/\/sexshopzagues.com.mx\/tienda\/index.php?rest_route=%2Fwp%2Fv2%2Fproduct_cat&post=10741"},{"taxonomy":"product_tag","embeddable":true,"href":"https:\/\/sexshopzagues.com.mx\/tienda\/index.php?rest_route=%2Fwp%2Fv2%2Fproduct_tag&post=10741"}],"curies":[{"name":"wp","href":"https:\/\/api.w.org\/{rel}","templated":true}]}}