{"id":10728,"date":"2018-05-11T22:30:25","date_gmt":"2018-05-11T22:30:25","guid":{"rendered":"http:\/\/sexshopzagues.com.mx\/tienda\/?post_type=product&#038;p=10728"},"modified":"2023-02-24T22:02:54","modified_gmt":"2023-02-24T22:02:54","slug":"powerful-invigorate-g-spot-black","status":"publish","type":"product","link":"https:\/\/sexshopzagues.com.mx\/tienda\/?product=powerful-invigorate-g-spot-black","title":{"rendered":"Powerful Invigorate G-Spot &#8211; Black"},"content":{"rendered":"<p>Vibrador discreto y potente. Facilita estimulaci\u00f3n superficial y penetraci\u00f3n, su curvatura favorecer\u00e1 la estimulaci\u00f3n de punto G.<\/p>\n<ul>\n<li>Silencioso<\/li>\n<li>1 Velocidad<\/li>\n<li>A prueba de agua<\/li>\n<li>Acabado sedoso<\/li>\n<li>Requiere 1 AA (no inclu\u00edda)<\/li>\n<li>Medidas: 12cm x 2cm<\/li>\n<\/ul>\n","protected":false},"excerpt":{"rendered":"Vibrador discreto punto g.","protected":false},"featured_media":10729,"comment_status":"open","ping_status":"closed","template":"","meta":[],"product_cat":[57],"product_tag":[96,77,86],"_links":{"self":[{"href":"https:\/\/sexshopzagues.com.mx\/tienda\/index.php?rest_route=\/wp\/v2\/product\/10728"}],"collection":[{"href":"https:\/\/sexshopzagues.com.mx\/tienda\/index.php?rest_route=\/wp\/v2\/product"}],"about":[{"href":"https:\/\/sexshopzagues.com.mx\/tienda\/index.php?rest_route=\/wp\/v2\/types\/product"}],"replies":[{"embeddable":true,"href":"https:\/\/sexshopzagues.com.mx\/tienda\/index.php?rest_route=%2Fwp%2Fv2%2Fcomments&post=10728"}],"wp:featuredmedia":[{"embeddable":true,"href":"https:\/\/sexshopzagues.com.mx\/tienda\/index.php?rest_route=\/wp\/v2\/media\/10729"}],"wp:attachment":[{"href":"https:\/\/sexshopzagues.com.mx\/tienda\/index.php?rest_route=%2Fwp%2Fv2%2Fmedia&parent=10728"}],"wp:term":[{"taxonomy":"product_cat","embeddable":true,"href":"https:\/\/sexshopzagues.com.mx\/tienda\/index.php?rest_route=%2Fwp%2Fv2%2Fproduct_cat&post=10728"},{"taxonomy":"product_tag","embeddable":true,"href":"https:\/\/sexshopzagues.com.mx\/tienda\/index.php?rest_route=%2Fwp%2Fv2%2Fproduct_tag&post=10728"}],"curies":[{"name":"wp","href":"https:\/\/api.w.org\/{rel}","templated":true}]}}