{"id":10646,"date":"2018-04-23T18:25:59","date_gmt":"2018-04-23T18:25:59","guid":{"rendered":"http:\/\/sexshopzagues.com.mx\/tienda\/?post_type=product&#038;p=10646"},"modified":"2023-02-25T02:27:15","modified_gmt":"2023-02-25T02:27:15","slug":"neon-bunny-tail-pink","status":"publish","type":"product","link":"https:\/\/sexshopzagues.com.mx\/tienda\/?product=neon-bunny-tail-pink","title":{"rendered":"Neon Bunny Tail Pink"},"content":{"rendered":"<p>Perfecto para los principiantes en el juego anal, el Neon Butt Plug es justo lo que necesitas para explorar el asombroso mundo de la estimulaci\u00f3n anal. Hecho de silicona flexible s\u00faper suave, la punta afilada se inserta f\u00e1cilmente y la forma esbelta proporciona un placer emocionante. \u00a1La cola de conejito mullida asegura que no se deslice demasiado adentro y agrega diversi\u00f3n a todas tus aventuras sexys!<\/p>\n<p>Medidas: 6.4cm largo insertable<\/p>\n","protected":false},"excerpt":{"rendered":"Plug anal con cola de conejo.","protected":false},"featured_media":10647,"comment_status":"open","ping_status":"closed","template":"","meta":[],"product_cat":[56],"product_tag":[92,76],"_links":{"self":[{"href":"https:\/\/sexshopzagues.com.mx\/tienda\/index.php?rest_route=\/wp\/v2\/product\/10646"}],"collection":[{"href":"https:\/\/sexshopzagues.com.mx\/tienda\/index.php?rest_route=\/wp\/v2\/product"}],"about":[{"href":"https:\/\/sexshopzagues.com.mx\/tienda\/index.php?rest_route=\/wp\/v2\/types\/product"}],"replies":[{"embeddable":true,"href":"https:\/\/sexshopzagues.com.mx\/tienda\/index.php?rest_route=%2Fwp%2Fv2%2Fcomments&post=10646"}],"wp:featuredmedia":[{"embeddable":true,"href":"https:\/\/sexshopzagues.com.mx\/tienda\/index.php?rest_route=\/wp\/v2\/media\/10647"}],"wp:attachment":[{"href":"https:\/\/sexshopzagues.com.mx\/tienda\/index.php?rest_route=%2Fwp%2Fv2%2Fmedia&parent=10646"}],"wp:term":[{"taxonomy":"product_cat","embeddable":true,"href":"https:\/\/sexshopzagues.com.mx\/tienda\/index.php?rest_route=%2Fwp%2Fv2%2Fproduct_cat&post=10646"},{"taxonomy":"product_tag","embeddable":true,"href":"https:\/\/sexshopzagues.com.mx\/tienda\/index.php?rest_route=%2Fwp%2Fv2%2Fproduct_tag&post=10646"}],"curies":[{"name":"wp","href":"https:\/\/api.w.org\/{rel}","templated":true}]}}