{"id":10635,"date":"2018-04-18T22:29:55","date_gmt":"2018-04-18T22:29:55","guid":{"rendered":"http:\/\/sexshopzagues.com.mx\/tienda\/?post_type=product&#038;p=10635"},"modified":"2023-02-25T02:30:11","modified_gmt":"2023-02-25T02:30:11","slug":"silicone-ball-spreader","status":"publish","type":"product","link":"https:\/\/sexshopzagues.com.mx\/tienda\/?product=silicone-ball-spreader","title":{"rendered":"Silicone Ball Spreader&#x2122;"},"content":{"rendered":"<p>Extiende tu \u00e9xtasis con el Silicone Ball Spreader, f\u00e1cil de usar. El discreto potenciador de la erecci\u00f3n tiene un dise\u00f1o minimalista y es c\u00f3modo de llevar durante los juegos previos, as\u00ed como la intimidad. El anillo suave, flexible y s\u00faper el\u00e1stico ofrece soporte triple para un mayor placer sensual y m\u00e1xima satisfacci\u00f3n.\u00a0Disfruta de una erecci\u00f3n dura como una roca, una colocaci\u00f3n segura y un mayor soporte de resistencia, para un placer prolongado que sigue y sigue<\/p>\n<p>El anillo liviano est\u00e1 hecho de silicona sin fragancia ultrasuave, s\u00faper el\u00e1stica y libre de ftalatos, y mide un total de 4 &#8220;x 2.5&#8221; \/ 10,25 cm x 6,25 cm en general. El c\u00f3modo sujetador de erecci\u00f3n presenta un anillo el\u00e1stico y anillos de escroto independientes para mayor resistencia. El dise\u00f1o er\u00f3tico mejora la excitaci\u00f3n y la estimulaci\u00f3n para usted y su amante y es f\u00e1cil de ajustar y quitar despu\u00e9s del juego.<\/p>\n<p>Medidas:\u00a0\u00a010.25cm x 6.25cm (Total)<\/p>\n<p>3.25cm\u00a0 (Aro para el pene)<\/p>\n<p>2.5cm (Cada aro para escroto)<\/p>\n","protected":false},"excerpt":{"rendered":"Anillo potenciador de erecci\u00f3n.","protected":false},"featured_media":10636,"comment_status":"open","ping_status":"closed","template":"","meta":[],"product_cat":[62,70],"product_tag":[75,92,118],"_links":{"self":[{"href":"https:\/\/sexshopzagues.com.mx\/tienda\/index.php?rest_route=\/wp\/v2\/product\/10635"}],"collection":[{"href":"https:\/\/sexshopzagues.com.mx\/tienda\/index.php?rest_route=\/wp\/v2\/product"}],"about":[{"href":"https:\/\/sexshopzagues.com.mx\/tienda\/index.php?rest_route=\/wp\/v2\/types\/product"}],"replies":[{"embeddable":true,"href":"https:\/\/sexshopzagues.com.mx\/tienda\/index.php?rest_route=%2Fwp%2Fv2%2Fcomments&post=10635"}],"wp:featuredmedia":[{"embeddable":true,"href":"https:\/\/sexshopzagues.com.mx\/tienda\/index.php?rest_route=\/wp\/v2\/media\/10636"}],"wp:attachment":[{"href":"https:\/\/sexshopzagues.com.mx\/tienda\/index.php?rest_route=%2Fwp%2Fv2%2Fmedia&parent=10635"}],"wp:term":[{"taxonomy":"product_cat","embeddable":true,"href":"https:\/\/sexshopzagues.com.mx\/tienda\/index.php?rest_route=%2Fwp%2Fv2%2Fproduct_cat&post=10635"},{"taxonomy":"product_tag","embeddable":true,"href":"https:\/\/sexshopzagues.com.mx\/tienda\/index.php?rest_route=%2Fwp%2Fv2%2Fproduct_tag&post=10635"}],"curies":[{"name":"wp","href":"https:\/\/api.w.org\/{rel}","templated":true}]}}