{"id":10622,"date":"2018-04-18T21:51:50","date_gmt":"2018-04-18T21:51:50","guid":{"rendered":"http:\/\/sexshopzagues.com.mx\/tienda\/?post_type=product&#038;p=10622"},"modified":"2023-02-25T02:31:30","modified_gmt":"2023-02-25T02:31:30","slug":"ultimate-cock-cage-clear","status":"publish","type":"product","link":"https:\/\/sexshopzagues.com.mx\/tienda\/?product=ultimate-cock-cage-clear","title":{"rendered":"Ultimate Cock Cage &#8211; Clear"},"content":{"rendered":"<p>Extiende tu disfrute con la Ultimate Cock Cage. El potenciador de la erecci\u00f3n ultra el\u00e1stico y superior proporciona elevaci\u00f3n, soporte y mejora para un intenso placer y satisfacci\u00f3n. La jaula texturizada transparente est\u00e1 adornada con pinchos super suaves y flexibles, para la mutua excitaci\u00f3n compartida y el \u00e9xtasis entre los socios. Desl\u00edzate y prep\u00e1rate para disfrutar de una exploraci\u00f3n er\u00f3tica ilimitada y prolongada.<\/p>\n<p>Para usarlo, deslice la funda sobre el pene erecto y asegure la correa de la base alrededor del escroto, para un soporte de rendimiento m\u00e1ximo mejorado. Su textura est\u00e1 dise\u00f1ada para proporcionar un placer alucinante.<\/p>\n<p>Utilice el reforzador de erecci\u00f3n de soporte, al explorar el juego de fantas\u00eda salvaje y para una mayor sensibilidad. Para maximizar las sensaciones inolvidables mientras disfruta de un juego \u00edntimo con su amante, se recomienda que use un lubricante a base de agua con este juguete de mejora.<\/p>\n","protected":false},"excerpt":{"rendered":"Funda texturizada, tipo jaula, mejora la erecci\u00f3n.","protected":false},"featured_media":10623,"comment_status":"open","ping_status":"closed","template":"","meta":[],"product_cat":[69],"product_tag":[75,106],"_links":{"self":[{"href":"https:\/\/sexshopzagues.com.mx\/tienda\/index.php?rest_route=\/wp\/v2\/product\/10622"}],"collection":[{"href":"https:\/\/sexshopzagues.com.mx\/tienda\/index.php?rest_route=\/wp\/v2\/product"}],"about":[{"href":"https:\/\/sexshopzagues.com.mx\/tienda\/index.php?rest_route=\/wp\/v2\/types\/product"}],"replies":[{"embeddable":true,"href":"https:\/\/sexshopzagues.com.mx\/tienda\/index.php?rest_route=%2Fwp%2Fv2%2Fcomments&post=10622"}],"wp:featuredmedia":[{"embeddable":true,"href":"https:\/\/sexshopzagues.com.mx\/tienda\/index.php?rest_route=\/wp\/v2\/media\/10623"}],"wp:attachment":[{"href":"https:\/\/sexshopzagues.com.mx\/tienda\/index.php?rest_route=%2Fwp%2Fv2%2Fmedia&parent=10622"}],"wp:term":[{"taxonomy":"product_cat","embeddable":true,"href":"https:\/\/sexshopzagues.com.mx\/tienda\/index.php?rest_route=%2Fwp%2Fv2%2Fproduct_cat&post=10622"},{"taxonomy":"product_tag","embeddable":true,"href":"https:\/\/sexshopzagues.com.mx\/tienda\/index.php?rest_route=%2Fwp%2Fv2%2Fproduct_tag&post=10622"}],"curies":[{"name":"wp","href":"https:\/\/api.w.org\/{rel}","templated":true}]}}