{"id":10553,"date":"2018-04-13T21:30:00","date_gmt":"2018-04-13T21:30:00","guid":{"rendered":"http:\/\/sexshopzagues.com.mx\/tienda\/?post_type=product&#038;p=10553"},"modified":"2023-02-25T02:42:36","modified_gmt":"2023-02-25T02:42:36","slug":"fetish-fantasy-series-position-master-with-cuffs","status":"publish","type":"product","link":"https:\/\/sexshopzagues.com.mx\/tienda\/?product=fetish-fantasy-series-position-master-with-cuffs","title":{"rendered":"Fetish Fantasy Series Position Master With Cuffs"},"content":{"rendered":"<p>Deje que su imaginaci\u00f3n lo lleve m\u00e1s all\u00e1 de sus l\u00edmites f\u00edsicos con el Maestro de posici\u00f3n con pu\u00f1os. Las resistentes correas mantienen tus piernas firmemente en su lugar para que no se cansen solo cuando las cosas se ponen buenas, mientras que los pu\u00f1os de las mu\u00f1ecas aseguran que tu sujeto no escapar\u00e1 pronto.<\/p>\n<p>El arn\u00e9s del cuello es suave y acolchado, lo que permite la m\u00e1xima comodidad. Las correas se ajustan r\u00e1pida y f\u00e1cilmente con un simple tir\u00f3n, para que pueda controlar la colocaci\u00f3n de sus piernas en cualquier punto durante el juego. \u00a1Asume la posici\u00f3n y s\u00e9 el maestro de tu pr\u00f3ximo encuentro!<\/p>\n<p>Incluye:<\/p>\n<ul>\n<li>Arn\u00e9s para el cuello de felpa<\/li>\n<li>2 Esposas para piernas<\/li>\n<li>2 Esposas para manos<\/li>\n<li>1 Antifaz<\/li>\n<\/ul>\n","protected":false},"excerpt":{"rendered":"Sistema de arn\u00e9s y esposas, para posiciones.","protected":false},"featured_media":10554,"comment_status":"open","ping_status":"closed","template":"","meta":[],"product_cat":[160,53],"product_tag":[76,124],"_links":{"self":[{"href":"https:\/\/sexshopzagues.com.mx\/tienda\/index.php?rest_route=\/wp\/v2\/product\/10553"}],"collection":[{"href":"https:\/\/sexshopzagues.com.mx\/tienda\/index.php?rest_route=\/wp\/v2\/product"}],"about":[{"href":"https:\/\/sexshopzagues.com.mx\/tienda\/index.php?rest_route=\/wp\/v2\/types\/product"}],"replies":[{"embeddable":true,"href":"https:\/\/sexshopzagues.com.mx\/tienda\/index.php?rest_route=%2Fwp%2Fv2%2Fcomments&post=10553"}],"wp:featuredmedia":[{"embeddable":true,"href":"https:\/\/sexshopzagues.com.mx\/tienda\/index.php?rest_route=\/wp\/v2\/media\/10554"}],"wp:attachment":[{"href":"https:\/\/sexshopzagues.com.mx\/tienda\/index.php?rest_route=%2Fwp%2Fv2%2Fmedia&parent=10553"}],"wp:term":[{"taxonomy":"product_cat","embeddable":true,"href":"https:\/\/sexshopzagues.com.mx\/tienda\/index.php?rest_route=%2Fwp%2Fv2%2Fproduct_cat&post=10553"},{"taxonomy":"product_tag","embeddable":true,"href":"https:\/\/sexshopzagues.com.mx\/tienda\/index.php?rest_route=%2Fwp%2Fv2%2Fproduct_tag&post=10553"}],"curies":[{"name":"wp","href":"https:\/\/api.w.org\/{rel}","templated":true}]}}