{"id":10435,"date":"2018-03-26T19:24:11","date_gmt":"2018-03-26T19:24:11","guid":{"rendered":"http:\/\/sexshopzagues.com.mx\/tienda\/?post_type=product&#038;p=10435"},"modified":"2023-02-25T02:46:00","modified_gmt":"2023-02-25T02:46:00","slug":"cyclone-black","status":"publish","type":"product","link":"https:\/\/sexshopzagues.com.mx\/tienda\/?product=cyclone-black","title":{"rendered":"Cyclone &#8211; Black"},"content":{"rendered":"<p><iframe loading=\"lazy\" width=\"980\" height=\"551\" src=\"https:\/\/www.youtube.com\/embed\/50X8HDoXfLA?feature=oembed\" frameborder=\"0\" allow=\"accelerometer; autoplay; encrypted-media; gyroscope; picture-in-picture\" allowfullscreen><\/iframe><\/p>\n<p>Boom es una prestigiosa linea de juguetes con una hermosa gama de vibradores bien dise\u00f1ados. Con sus caracter\u00edsticas de madera simuladas y silicona muy higi\u00e9nica estos juguetes no solo son excelentes en lo que est\u00e1n destinados a hacer, \u00a1sino que tambi\u00e9n son un fest\u00edn para los ojos! Todos los juguetes de esta gama son a prueba de agua y vienen con un men\u00fa de 10 patrones de velocidad diferentes.<\/p>\n<p>La rueda giratoria con textura de mini lenguas es perfecta para una intensa estimulaci\u00f3n precisa del cl\u00edtoris, mientras que el eje vibratorio proporciona al punto g un incentivo adicional.<\/p>\n<ul>\n<li>9000 Rotaciones por minuto<\/li>\n<li>10 Frecuencias de vibraci\u00f3n<\/li>\n<li>Recargable<\/li>\n<li>Carga completa en 140min<\/li>\n<li>Tiempo de trabajo 60min<\/li>\n<li>Material de silic\u00f3n + ABS en la base<\/li>\n<li>A prueba de agua<\/li>\n<li>Medidas: 12cm insertables<\/li>\n<\/ul>\n","protected":false},"excerpt":{"rendered":"Vibrador para punto g con cabeza rotatoria para cl\u00edtoris.","protected":false},"featured_media":10436,"comment_status":"open","ping_status":"closed","template":"","meta":[],"product_cat":[163,73,57],"product_tag":[96,94,91,92,103,86,93,150],"_links":{"self":[{"href":"https:\/\/sexshopzagues.com.mx\/tienda\/index.php?rest_route=\/wp\/v2\/product\/10435"}],"collection":[{"href":"https:\/\/sexshopzagues.com.mx\/tienda\/index.php?rest_route=\/wp\/v2\/product"}],"about":[{"href":"https:\/\/sexshopzagues.com.mx\/tienda\/index.php?rest_route=\/wp\/v2\/types\/product"}],"replies":[{"embeddable":true,"href":"https:\/\/sexshopzagues.com.mx\/tienda\/index.php?rest_route=%2Fwp%2Fv2%2Fcomments&post=10435"}],"wp:featuredmedia":[{"embeddable":true,"href":"https:\/\/sexshopzagues.com.mx\/tienda\/index.php?rest_route=\/wp\/v2\/media\/10436"}],"wp:attachment":[{"href":"https:\/\/sexshopzagues.com.mx\/tienda\/index.php?rest_route=%2Fwp%2Fv2%2Fmedia&parent=10435"}],"wp:term":[{"taxonomy":"product_cat","embeddable":true,"href":"https:\/\/sexshopzagues.com.mx\/tienda\/index.php?rest_route=%2Fwp%2Fv2%2Fproduct_cat&post=10435"},{"taxonomy":"product_tag","embeddable":true,"href":"https:\/\/sexshopzagues.com.mx\/tienda\/index.php?rest_route=%2Fwp%2Fv2%2Fproduct_tag&post=10435"}],"curies":[{"name":"wp","href":"https:\/\/api.w.org\/{rel}","templated":true}]}}