{"id":10433,"date":"2018-03-26T19:05:53","date_gmt":"2018-03-26T19:05:53","guid":{"rendered":"http:\/\/sexshopzagues.com.mx\/tienda\/?post_type=product&#038;p=10433"},"modified":"2023-02-25T02:46:38","modified_gmt":"2023-02-25T02:46:38","slug":"wisper-collection-nen-wa-balls-pink","status":"publish","type":"product","link":"https:\/\/sexshopzagues.com.mx\/tienda\/?product=wisper-collection-nen-wa-balls-pink","title":{"rendered":"WISPER COLLECTION NEN-WA BALLS &#8211; PINK"},"content":{"rendered":"<p>Bolas Vaginales que ayudan a fortalecer el suelo p\u00e9lvico, con un bal\u00edn de contrapeso que al movimiento produce una contracci\u00f3n involuntaria.<br \/>\nEl ejercicio del m\u00fasculo p\u00e9lvico, mejora el tono de la vagina y con ello su salud, incrementando la sensibilidad de la zona y potenciando la sensaci\u00f3n org\u00e1smica.<\/p>\n<p>Medida de cada bola: 3.2cm<\/p>\n","protected":false},"excerpt":{"rendered":"Bolas vaginales, chinas, kegel.","protected":false},"featured_media":10434,"comment_status":"open","ping_status":"closed","template":"","meta":[],"product_cat":[53],"product_tag":[83,78],"_links":{"self":[{"href":"https:\/\/sexshopzagues.com.mx\/tienda\/index.php?rest_route=\/wp\/v2\/product\/10433"}],"collection":[{"href":"https:\/\/sexshopzagues.com.mx\/tienda\/index.php?rest_route=\/wp\/v2\/product"}],"about":[{"href":"https:\/\/sexshopzagues.com.mx\/tienda\/index.php?rest_route=\/wp\/v2\/types\/product"}],"replies":[{"embeddable":true,"href":"https:\/\/sexshopzagues.com.mx\/tienda\/index.php?rest_route=%2Fwp%2Fv2%2Fcomments&post=10433"}],"wp:featuredmedia":[{"embeddable":true,"href":"https:\/\/sexshopzagues.com.mx\/tienda\/index.php?rest_route=\/wp\/v2\/media\/10434"}],"wp:attachment":[{"href":"https:\/\/sexshopzagues.com.mx\/tienda\/index.php?rest_route=%2Fwp%2Fv2%2Fmedia&parent=10433"}],"wp:term":[{"taxonomy":"product_cat","embeddable":true,"href":"https:\/\/sexshopzagues.com.mx\/tienda\/index.php?rest_route=%2Fwp%2Fv2%2Fproduct_cat&post=10433"},{"taxonomy":"product_tag","embeddable":true,"href":"https:\/\/sexshopzagues.com.mx\/tienda\/index.php?rest_route=%2Fwp%2Fv2%2Fproduct_tag&post=10433"}],"curies":[{"name":"wp","href":"https:\/\/api.w.org\/{rel}","templated":true}]}}