{"id":10411,"date":"2018-03-25T00:14:36","date_gmt":"2018-03-25T00:14:36","guid":{"rendered":"http:\/\/sexshopzagues.com.mx\/tienda\/?post_type=product&#038;p=10411"},"modified":"2023-02-25T02:53:32","modified_gmt":"2023-02-25T02:53:32","slug":"bela-clit-tickler-pink","status":"publish","type":"product","link":"https:\/\/sexshopzagues.com.mx\/tienda\/?product=bela-clit-tickler-pink","title":{"rendered":"BELA CLIT TICKLER-PINK"},"content":{"rendered":"<p>D\u00e9jate seducir por el novedoso dise\u00f1o del Bela Clit Tickler. Logra un ajuste perfecto entre cl\u00edtoris y punto g, su eje es flexible para favorecer el movimiento, cuenta con finas texturas para masajear el \u00e1rea. Aunado a esto lo impulsa un poderoso motor de 6 frecuencias, es recargable y a prueba de agua.<\/p>\n<ul>\n<li>100% Silicon<\/li>\n<li>6 Funciones<\/li>\n<li>A prueba de agua<\/li>\n<li>Medida insertable: 7cm x 2.9cm<\/li>\n<li>Recargable<\/li>\n<\/ul>\n","protected":false},"excerpt":{"rendered":"Vibrador recargable, estimulador de punto g y cl\u00edtoris.","protected":false},"featured_media":10412,"comment_status":"open","ping_status":"closed","template":"","meta":[],"product_cat":[72,57],"product_tag":[96,94,91,118,78,86,93],"_links":{"self":[{"href":"https:\/\/sexshopzagues.com.mx\/tienda\/index.php?rest_route=\/wp\/v2\/product\/10411"}],"collection":[{"href":"https:\/\/sexshopzagues.com.mx\/tienda\/index.php?rest_route=\/wp\/v2\/product"}],"about":[{"href":"https:\/\/sexshopzagues.com.mx\/tienda\/index.php?rest_route=\/wp\/v2\/types\/product"}],"replies":[{"embeddable":true,"href":"https:\/\/sexshopzagues.com.mx\/tienda\/index.php?rest_route=%2Fwp%2Fv2%2Fcomments&post=10411"}],"wp:featuredmedia":[{"embeddable":true,"href":"https:\/\/sexshopzagues.com.mx\/tienda\/index.php?rest_route=\/wp\/v2\/media\/10412"}],"wp:attachment":[{"href":"https:\/\/sexshopzagues.com.mx\/tienda\/index.php?rest_route=%2Fwp%2Fv2%2Fmedia&parent=10411"}],"wp:term":[{"taxonomy":"product_cat","embeddable":true,"href":"https:\/\/sexshopzagues.com.mx\/tienda\/index.php?rest_route=%2Fwp%2Fv2%2Fproduct_cat&post=10411"},{"taxonomy":"product_tag","embeddable":true,"href":"https:\/\/sexshopzagues.com.mx\/tienda\/index.php?rest_route=%2Fwp%2Fv2%2Fproduct_tag&post=10411"}],"curies":[{"name":"wp","href":"https:\/\/api.w.org\/{rel}","templated":true}]}}