{"id":10407,"date":"2018-03-23T01:22:01","date_gmt":"2018-03-23T01:22:01","guid":{"rendered":"http:\/\/sexshopzagues.com.mx\/tienda\/?post_type=product&#038;p=10407"},"modified":"2023-02-25T02:55:38","modified_gmt":"2023-02-25T02:55:38","slug":"infinitt-contoured-massager-pink","status":"publish","type":"product","link":"https:\/\/sexshopzagues.com.mx\/tienda\/?product=infinitt-contoured-massager-pink","title":{"rendered":"INFINITT CONTOURED MASSAGER-PINK"},"content":{"rendered":"<p>Nasstoys trae para ti una de sus l\u00edneas m\u00e1s sofisticadas&#8230; Infinitt, fabricados en silic\u00f3n grado m\u00e9dico, potentes motores, dise\u00f1os ergon\u00f3micos que se adaptan a tu cuerpo, alta tecnolog\u00eda que te brindar\u00e1 intensa estimulaci\u00f3n.<\/p>\n<ul>\n<li>Especialmente dise\u00f1ado para estimular tus zonas er\u00f3genas<\/li>\n<li>Motor dual para estimular punto g y cl\u00edtoris.<\/li>\n<li>7 Funciones de vibraci\u00f3n, pulsaci\u00f3n y escaladas<\/li>\n<li>Material 100% Silic\u00f3n\/Base de ABS<\/li>\n<li>Libre de ftalatos<\/li>\n<li>A prueba de agua<\/li>\n<li>Recargable<\/li>\n<li>Tiempo de carga 60min<\/li>\n<li>Tiempo de trabajo 100min<\/li>\n<li>Incluye cable de carga USB<\/li>\n<li>Medidas: 13.3 cm (insertables)<\/li>\n<\/ul>\n<p>&nbsp;<\/p>\n<p>&nbsp;<\/p>\n<p>&nbsp;<\/p>\n","protected":false},"excerpt":{"rendered":"Vibrador estimulador de punto g y cl\u00edtoris.","protected":false},"featured_media":10408,"comment_status":"open","ping_status":"closed","template":"","meta":[],"product_cat":[72,57],"product_tag":[96,94,91,92,118,103,78,86,93],"_links":{"self":[{"href":"https:\/\/sexshopzagues.com.mx\/tienda\/index.php?rest_route=\/wp\/v2\/product\/10407"}],"collection":[{"href":"https:\/\/sexshopzagues.com.mx\/tienda\/index.php?rest_route=\/wp\/v2\/product"}],"about":[{"href":"https:\/\/sexshopzagues.com.mx\/tienda\/index.php?rest_route=\/wp\/v2\/types\/product"}],"replies":[{"embeddable":true,"href":"https:\/\/sexshopzagues.com.mx\/tienda\/index.php?rest_route=%2Fwp%2Fv2%2Fcomments&post=10407"}],"wp:featuredmedia":[{"embeddable":true,"href":"https:\/\/sexshopzagues.com.mx\/tienda\/index.php?rest_route=\/wp\/v2\/media\/10408"}],"wp:attachment":[{"href":"https:\/\/sexshopzagues.com.mx\/tienda\/index.php?rest_route=%2Fwp%2Fv2%2Fmedia&parent=10407"}],"wp:term":[{"taxonomy":"product_cat","embeddable":true,"href":"https:\/\/sexshopzagues.com.mx\/tienda\/index.php?rest_route=%2Fwp%2Fv2%2Fproduct_cat&post=10407"},{"taxonomy":"product_tag","embeddable":true,"href":"https:\/\/sexshopzagues.com.mx\/tienda\/index.php?rest_route=%2Fwp%2Fv2%2Fproduct_tag&post=10407"}],"curies":[{"name":"wp","href":"https:\/\/api.w.org\/{rel}","templated":true}]}}