{"id":10385,"date":"2018-03-19T19:48:22","date_gmt":"2018-03-19T19:48:22","guid":{"rendered":"http:\/\/sexshopzagues.com.mx\/tienda\/?post_type=product&#038;p=10385"},"modified":"2023-02-25T02:59:06","modified_gmt":"2023-02-25T02:59:06","slug":"silver-ring-large","status":"publish","type":"product","link":"https:\/\/sexshopzagues.com.mx\/tienda\/?product=silver-ring-large","title":{"rendered":"Silver Ring &#8211; Large"},"content":{"rendered":"<p>Mejora tu rendimiento \u00edntimo y cl\u00edmax org\u00e1smico con el Anillo de Plata Silver Ring. El anillo de adorno de metal liso est\u00e1 dise\u00f1ado para la excitaci\u00f3n er\u00f3tica y el placer de estimulaci\u00f3n y proporciona un ajuste c\u00f3modo y de apoyo. El anillo f\u00e1cil de usar aumenta instant\u00e1neamente la resistencia a la erecci\u00f3n y es ideal para usuarios con experiencia por primera vez. Usa tu imaginaci\u00f3n y desl\u00edzate en el anillo realzador de metal para explorar tus sue\u00f1os m\u00e1s salvajes y tus fantas\u00edas secretas. Disfruta de sensaciones y zumbidos tentadores ilimitados con este potenciador.<\/p>\n<p>6 cm de di\u00e1metro.<\/p>\n<p>&nbsp;<\/p>\n","protected":false},"excerpt":{"rendered":"Anillo met\u00e1lico.","protected":false},"featured_media":10386,"comment_status":"open","ping_status":"closed","template":"","meta":[],"product_cat":[159,62],"product_tag":[175,75],"_links":{"self":[{"href":"https:\/\/sexshopzagues.com.mx\/tienda\/index.php?rest_route=\/wp\/v2\/product\/10385"}],"collection":[{"href":"https:\/\/sexshopzagues.com.mx\/tienda\/index.php?rest_route=\/wp\/v2\/product"}],"about":[{"href":"https:\/\/sexshopzagues.com.mx\/tienda\/index.php?rest_route=\/wp\/v2\/types\/product"}],"replies":[{"embeddable":true,"href":"https:\/\/sexshopzagues.com.mx\/tienda\/index.php?rest_route=%2Fwp%2Fv2%2Fcomments&post=10385"}],"wp:featuredmedia":[{"embeddable":true,"href":"https:\/\/sexshopzagues.com.mx\/tienda\/index.php?rest_route=\/wp\/v2\/media\/10386"}],"wp:attachment":[{"href":"https:\/\/sexshopzagues.com.mx\/tienda\/index.php?rest_route=%2Fwp%2Fv2%2Fmedia&parent=10385"}],"wp:term":[{"taxonomy":"product_cat","embeddable":true,"href":"https:\/\/sexshopzagues.com.mx\/tienda\/index.php?rest_route=%2Fwp%2Fv2%2Fproduct_cat&post=10385"},{"taxonomy":"product_tag","embeddable":true,"href":"https:\/\/sexshopzagues.com.mx\/tienda\/index.php?rest_route=%2Fwp%2Fv2%2Fproduct_tag&post=10385"}],"curies":[{"name":"wp","href":"https:\/\/api.w.org\/{rel}","templated":true}]}}