{"id":10324,"date":"2018-03-18T01:43:52","date_gmt":"2018-03-18T01:43:52","guid":{"rendered":"http:\/\/sexshopzagues.com.mx\/tienda\/?post_type=product&#038;p=10324"},"modified":"2023-02-25T03:04:14","modified_gmt":"2023-02-25T03:04:14","slug":"shanes-world-sparkle-vibe-pink","status":"publish","type":"product","link":"https:\/\/sexshopzagues.com.mx\/tienda\/?product=shanes-world-sparkle-vibe-pink","title":{"rendered":"Shane&#8217;s World\u00ae Sparkle Vibe&#x2122; &#8211; Pink"},"content":{"rendered":"<p>A\u00f1ade brillo a tus orgasmos con el Sparkle vibe, vibrador b\u00e1sico con dise\u00f1o en brillantes colores, regulable, discreto.<\/p>\n<p>Medidas: 11cm x 3cm<\/p>\n","protected":false},"excerpt":{"rendered":"Vibrador b\u00e1sico, tipo l\u00e1piz.","protected":false},"featured_media":10325,"comment_status":"open","ping_status":"closed","template":"","meta":[],"product_cat":[158,182,57],"product_tag":[75,83],"_links":{"self":[{"href":"https:\/\/sexshopzagues.com.mx\/tienda\/index.php?rest_route=\/wp\/v2\/product\/10324"}],"collection":[{"href":"https:\/\/sexshopzagues.com.mx\/tienda\/index.php?rest_route=\/wp\/v2\/product"}],"about":[{"href":"https:\/\/sexshopzagues.com.mx\/tienda\/index.php?rest_route=\/wp\/v2\/types\/product"}],"replies":[{"embeddable":true,"href":"https:\/\/sexshopzagues.com.mx\/tienda\/index.php?rest_route=%2Fwp%2Fv2%2Fcomments&post=10324"}],"wp:featuredmedia":[{"embeddable":true,"href":"https:\/\/sexshopzagues.com.mx\/tienda\/index.php?rest_route=\/wp\/v2\/media\/10325"}],"wp:attachment":[{"href":"https:\/\/sexshopzagues.com.mx\/tienda\/index.php?rest_route=%2Fwp%2Fv2%2Fmedia&parent=10324"}],"wp:term":[{"taxonomy":"product_cat","embeddable":true,"href":"https:\/\/sexshopzagues.com.mx\/tienda\/index.php?rest_route=%2Fwp%2Fv2%2Fproduct_cat&post=10324"},{"taxonomy":"product_tag","embeddable":true,"href":"https:\/\/sexshopzagues.com.mx\/tienda\/index.php?rest_route=%2Fwp%2Fv2%2Fproduct_tag&post=10324"}],"curies":[{"name":"wp","href":"https:\/\/api.w.org\/{rel}","templated":true}]}}