{"id":10297,"date":"2018-03-14T23:06:28","date_gmt":"2018-03-14T23:06:28","guid":{"rendered":"http:\/\/sexshopzagues.com.mx\/tienda\/?post_type=product&#038;p=10297"},"modified":"2023-02-25T03:05:34","modified_gmt":"2023-02-25T03:05:34","slug":"rechargeable-kegel-ball-advanced","status":"publish","type":"product","link":"https:\/\/sexshopzagues.com.mx\/tienda\/?product=rechargeable-kegel-ball-advanced","title":{"rendered":"Rechargeable Kegel Ball Advanced"},"content":{"rendered":"<div style=\"width: 960px;\" class=\"wp-video\"><!--[if lt IE 9]><script>document.createElement('video');<\/script><![endif]-->\n<video class=\"wp-video-shortcode\" id=\"video-10297-1\" width=\"960\" height=\"540\" preload=\"metadata\" controls=\"controls\"><source type=\"video\/mp4\" src=\"http:\/\/sexshopzagues.com.mx\/tienda\/wp-content\/uploads\/2018\/03\/SE-1328-10-2.mp4?_=1\" \/><a href=\"http:\/\/sexshopzagues.com.mx\/tienda\/wp-content\/uploads\/2018\/03\/SE-1328-10-2.mp4\">http:\/\/sexshopzagues.com.mx\/tienda\/wp-content\/uploads\/2018\/03\/SE-1328-10-2.mp4<\/a><\/video><\/div>\n<p>Bola vaginal Kegel, ayuda a ejercitar el suelo p\u00e9lvico, adem\u00e1s con su potente motor brindar\u00e1 intenso placer.<\/p>\n<p>Dise\u00f1ado para un f\u00e1cil uso y operaci\u00f3n, a\u00fan en la oscuridad.<\/p>\n<ul>\n<li>12 Frecuencias de vibraci\u00f3n, pulsaci\u00f3n y escaladas<\/li>\n<li>Recargable<\/li>\n<li>Material hipoalerg\u00e9nico<\/li>\n<li>Recomendado para avanzados<\/li>\n<li>Medidas: 7cm x 2.5cm (bola)<\/li>\n<\/ul>\n","protected":false},"excerpt":{"rendered":"Bola vaginal Kegel","protected":false},"featured_media":10298,"comment_status":"open","ping_status":"closed","template":"","meta":[],"product_cat":[158,72,57],"product_tag":[96,75,83,91,92],"_links":{"self":[{"href":"https:\/\/sexshopzagues.com.mx\/tienda\/index.php?rest_route=\/wp\/v2\/product\/10297"}],"collection":[{"href":"https:\/\/sexshopzagues.com.mx\/tienda\/index.php?rest_route=\/wp\/v2\/product"}],"about":[{"href":"https:\/\/sexshopzagues.com.mx\/tienda\/index.php?rest_route=\/wp\/v2\/types\/product"}],"replies":[{"embeddable":true,"href":"https:\/\/sexshopzagues.com.mx\/tienda\/index.php?rest_route=%2Fwp%2Fv2%2Fcomments&post=10297"}],"wp:featuredmedia":[{"embeddable":true,"href":"https:\/\/sexshopzagues.com.mx\/tienda\/index.php?rest_route=\/wp\/v2\/media\/10298"}],"wp:attachment":[{"href":"https:\/\/sexshopzagues.com.mx\/tienda\/index.php?rest_route=%2Fwp%2Fv2%2Fmedia&parent=10297"}],"wp:term":[{"taxonomy":"product_cat","embeddable":true,"href":"https:\/\/sexshopzagues.com.mx\/tienda\/index.php?rest_route=%2Fwp%2Fv2%2Fproduct_cat&post=10297"},{"taxonomy":"product_tag","embeddable":true,"href":"https:\/\/sexshopzagues.com.mx\/tienda\/index.php?rest_route=%2Fwp%2Fv2%2Fproduct_tag&post=10297"}],"curies":[{"name":"wp","href":"https:\/\/api.w.org\/{rel}","templated":true}]}}