{"id":10276,"date":"2018-03-14T02:07:50","date_gmt":"2018-03-14T02:07:50","guid":{"rendered":"http:\/\/sexshopzagues.com.mx\/tienda\/?post_type=product&#038;p=10276"},"modified":"2023-02-25T03:07:02","modified_gmt":"2023-02-25T03:07:02","slug":"weighted-kegel-balls","status":"publish","type":"product","link":"https:\/\/sexshopzagues.com.mx\/tienda\/?product=weighted-kegel-balls","title":{"rendered":"Weighted Kegel Balls"},"content":{"rendered":"<p>Bolas vaginales Kegel,\u00a0que ayudan a fortalecer el suelo p\u00e9lvico, con un bal\u00edn de contrapeso que al movimiento produce una contracci\u00f3n involuntaria.<\/p>\n<ul>\n<li>Ergon\u00f3micamente dise\u00f1adas<\/li>\n<li>Material f\u00e1cil de limpiar<\/li>\n<li>Uso f\u00e1cil y simple<\/li>\n<li>Peso perfecto<\/li>\n<li>Medias: 4,5 cm c\/u<\/li>\n<li>Peso: 70gr<\/li>\n<\/ul>\n","protected":false},"excerpt":{"rendered":"Bolas vaginales, kegel.","protected":false},"featured_media":10277,"comment_status":"open","ping_status":"closed","template":"","meta":[],"product_cat":[164,53],"product_tag":[75],"_links":{"self":[{"href":"https:\/\/sexshopzagues.com.mx\/tienda\/index.php?rest_route=\/wp\/v2\/product\/10276"}],"collection":[{"href":"https:\/\/sexshopzagues.com.mx\/tienda\/index.php?rest_route=\/wp\/v2\/product"}],"about":[{"href":"https:\/\/sexshopzagues.com.mx\/tienda\/index.php?rest_route=\/wp\/v2\/types\/product"}],"replies":[{"embeddable":true,"href":"https:\/\/sexshopzagues.com.mx\/tienda\/index.php?rest_route=%2Fwp%2Fv2%2Fcomments&post=10276"}],"wp:featuredmedia":[{"embeddable":true,"href":"https:\/\/sexshopzagues.com.mx\/tienda\/index.php?rest_route=\/wp\/v2\/media\/10277"}],"wp:attachment":[{"href":"https:\/\/sexshopzagues.com.mx\/tienda\/index.php?rest_route=%2Fwp%2Fv2%2Fmedia&parent=10276"}],"wp:term":[{"taxonomy":"product_cat","embeddable":true,"href":"https:\/\/sexshopzagues.com.mx\/tienda\/index.php?rest_route=%2Fwp%2Fv2%2Fproduct_cat&post=10276"},{"taxonomy":"product_tag","embeddable":true,"href":"https:\/\/sexshopzagues.com.mx\/tienda\/index.php?rest_route=%2Fwp%2Fv2%2Fproduct_tag&post=10276"}],"curies":[{"name":"wp","href":"https:\/\/api.w.org\/{rel}","templated":true}]}}