{"id":10200,"date":"2018-03-08T18:36:17","date_gmt":"2018-03-08T18:36:17","guid":{"rendered":"http:\/\/sexshopzagues.com.mx\/tienda\/?post_type=product&#038;p=10200"},"modified":"2023-02-25T05:57:05","modified_gmt":"2023-02-25T05:57:05","slug":"commander-electric-pump-blue","status":"publish","type":"product","link":"https:\/\/sexshopzagues.com.mx\/tienda\/?product=commander-electric-pump-blue","title":{"rendered":"COMMANDER ELECTRIC PUMP &#8211; BLUE"},"content":{"rendered":"<p>Logra erecciones m\u00e1s firmes, potentes y gruesas con esta incre\u00edble bomba autom\u00e1tica recargable, que Nasstoys trae para ti!<\/p>\n<p>Bomba el\u00e9ctrica de alto vac\u00edo, con un cilindro extra largo para m\u00e1ximo alargamiento y lo mejor de todo&#8230; Ella har\u00e1 sola el trabajo! Despreoc\u00fapate de las pilas, pues es recargable!<\/p>\n<p>Contiene tambi\u00e9n 3 fundas de diferente medida en abertura, que se adaptar\u00e1n a tu tama\u00f1o y asi lograr un ajuste perfecto.<\/p>\n<ul>\n<li>Cilindro extra largo para m\u00e1ximo alargamiento<\/li>\n<li>Autom\u00e1tica<\/li>\n<li>Recargable<\/li>\n<li>3 Fundas<\/li>\n<li>Materiales seguros para el cuerpo<\/li>\n<li>Solo requiere 1 hora de carga<\/li>\n<li>Incluye cable de carga USB<\/li>\n<\/ul>\n<p>&nbsp;<\/p>\n<p>&nbsp;<\/p>\n<p>&nbsp;<\/p>\n<p>&nbsp;<\/p>\n","protected":false},"excerpt":{"rendered":"Bomba de vac\u00edo autom\u00e1tica, recargable.","protected":false},"featured_media":10206,"comment_status":"open","ping_status":"closed","template":"","meta":[],"product_cat":[72,60],"product_tag":[78,93],"_links":{"self":[{"href":"https:\/\/sexshopzagues.com.mx\/tienda\/index.php?rest_route=\/wp\/v2\/product\/10200"}],"collection":[{"href":"https:\/\/sexshopzagues.com.mx\/tienda\/index.php?rest_route=\/wp\/v2\/product"}],"about":[{"href":"https:\/\/sexshopzagues.com.mx\/tienda\/index.php?rest_route=\/wp\/v2\/types\/product"}],"replies":[{"embeddable":true,"href":"https:\/\/sexshopzagues.com.mx\/tienda\/index.php?rest_route=%2Fwp%2Fv2%2Fcomments&post=10200"}],"wp:featuredmedia":[{"embeddable":true,"href":"https:\/\/sexshopzagues.com.mx\/tienda\/index.php?rest_route=\/wp\/v2\/media\/10206"}],"wp:attachment":[{"href":"https:\/\/sexshopzagues.com.mx\/tienda\/index.php?rest_route=%2Fwp%2Fv2%2Fmedia&parent=10200"}],"wp:term":[{"taxonomy":"product_cat","embeddable":true,"href":"https:\/\/sexshopzagues.com.mx\/tienda\/index.php?rest_route=%2Fwp%2Fv2%2Fproduct_cat&post=10200"},{"taxonomy":"product_tag","embeddable":true,"href":"https:\/\/sexshopzagues.com.mx\/tienda\/index.php?rest_route=%2Fwp%2Fv2%2Fproduct_tag&post=10200"}],"curies":[{"name":"wp","href":"https:\/\/api.w.org\/{rel}","templated":true}]}}