{"id":10063,"date":"2018-03-02T19:50:25","date_gmt":"2018-03-02T19:50:25","guid":{"rendered":"http:\/\/sexshopzagues.com.mx\/tienda\/?post_type=product&#038;p=10063"},"modified":"2023-02-25T06:07:09","modified_gmt":"2023-02-25T06:07:09","slug":"colt-large-pumper-plug-black","status":"publish","type":"product","link":"https:\/\/sexshopzagues.com.mx\/tienda\/?product=colt-large-pumper-plug-black","title":{"rendered":"COLT? Large Pumper Plug &#8211; Black"},"content":{"rendered":"<p>Plug anal inflable, con ventosa que se adhiere a las superficies planas, bomba de f\u00e1cil y c\u00f3modo manejo, v\u00e1lvula para liberar el aire. Medidas: 11.5 cm x 3.75 cm (antes de inflar).<\/p>\n","protected":false},"excerpt":{"rendered":"Plug anal inflable.","protected":false},"featured_media":10064,"comment_status":"open","ping_status":"closed","template":"","meta":[],"product_cat":[168,56],"product_tag":[75,98,85],"_links":{"self":[{"href":"https:\/\/sexshopzagues.com.mx\/tienda\/index.php?rest_route=\/wp\/v2\/product\/10063"}],"collection":[{"href":"https:\/\/sexshopzagues.com.mx\/tienda\/index.php?rest_route=\/wp\/v2\/product"}],"about":[{"href":"https:\/\/sexshopzagues.com.mx\/tienda\/index.php?rest_route=\/wp\/v2\/types\/product"}],"replies":[{"embeddable":true,"href":"https:\/\/sexshopzagues.com.mx\/tienda\/index.php?rest_route=%2Fwp%2Fv2%2Fcomments&post=10063"}],"wp:featuredmedia":[{"embeddable":true,"href":"https:\/\/sexshopzagues.com.mx\/tienda\/index.php?rest_route=\/wp\/v2\/media\/10064"}],"wp:attachment":[{"href":"https:\/\/sexshopzagues.com.mx\/tienda\/index.php?rest_route=%2Fwp%2Fv2%2Fmedia&parent=10063"}],"wp:term":[{"taxonomy":"product_cat","embeddable":true,"href":"https:\/\/sexshopzagues.com.mx\/tienda\/index.php?rest_route=%2Fwp%2Fv2%2Fproduct_cat&post=10063"},{"taxonomy":"product_tag","embeddable":true,"href":"https:\/\/sexshopzagues.com.mx\/tienda\/index.php?rest_route=%2Fwp%2Fv2%2Fproduct_tag&post=10063"}],"curies":[{"name":"wp","href":"https:\/\/api.w.org\/{rel}","templated":true}]}}