{"id":235,"date":"2010-09-15T08:21:10","date_gmt":"2010-09-15T08:21:10","guid":{"rendered":"http:\/\/elegantthemes.com\/preview\/DeepFocus\/?page_id=235"},"modified":"2019-10-26T18:37:21","modified_gmt":"2019-10-26T18:37:21","slug":"what-i-do","status":"publish","type":"page","link":"https:\/\/sexshopzagues.com.mx\/tienda\/?page_id=235","title":{"rendered":"Qui\u00e9nes Somos"},"content":{"rendered":"<p>Importadora &amp; Distribuidora Zague&#8217;s. Somos una empresa comprometida y dedicada, que trabaja en hacer llegar productos l\u00edderes de la m\u00e1s alta calidad a nuestros clientes.<\/p>\n<p>Conocemos el mercado y estamos en constante actualizacion, es por eso que d\u00eda a d\u00eda innovamos, te ofrecemos las mejores y mas reconocidas marcas; tenemos los productos con el mayor flujo comercial, as\u00ed como el m\u00e1s amplio surtido, la mejor asesor\u00eda y atenci\u00f3n. La satisfacci\u00f3n de nuestros clientes es uno de los motores m\u00e1s importantes en nuestra empresa.<\/p>\n<p>Con nosotros si\u00e9ntete seguro, pues nuestros productos son totalmente legales.<\/p>\n<p>Por eso y muchos m\u00e1s, estamos posicionados como los #1 en el mercado de Art\u00edculos para Adultos. Importando y distribuyendo a toda la Rep\u00fablica Mexicana.<\/p>\n<p>Ac\u00e9rcate a los mejores, m\u00e1s de 20 a\u00f1os de experiencia nos respaldan.<\/p>\n<p>&nbsp;<\/p>\n","protected":false},"excerpt":{"rendered":"Importadora &amp; Distribuidora Zague&#8217;s. Somos una empresa comprometida y dedicada, que trabaja en hacer llegar productos l\u00edderes de la m\u00e1s alta calidad a nuestros clientes. Conocemos el mercado y estamos en constante actualizacion, es por eso que d\u00eda a d\u00eda innovamos, te ofrecemos las mejores y mas reconocidas marcas; tenemos los productos con el mayor [&hellip;]","protected":false},"author":1,"featured_media":0,"parent":0,"menu_order":0,"comment_status":"open","ping_status":"open","template":"","meta":[],"_links":{"self":[{"href":"https:\/\/sexshopzagues.com.mx\/tienda\/index.php?rest_route=\/wp\/v2\/pages\/235"}],"collection":[{"href":"https:\/\/sexshopzagues.com.mx\/tienda\/index.php?rest_route=\/wp\/v2\/pages"}],"about":[{"href":"https:\/\/sexshopzagues.com.mx\/tienda\/index.php?rest_route=\/wp\/v2\/types\/page"}],"author":[{"embeddable":true,"href":"https:\/\/sexshopzagues.com.mx\/tienda\/index.php?rest_route=\/wp\/v2\/users\/1"}],"replies":[{"embeddable":true,"href":"https:\/\/sexshopzagues.com.mx\/tienda\/index.php?rest_route=%2Fwp%2Fv2%2Fcomments&post=235"}],"version-history":[{"count":9,"href":"https:\/\/sexshopzagues.com.mx\/tienda\/index.php?rest_route=\/wp\/v2\/pages\/235\/revisions"}],"predecessor-version":[{"id":12228,"href":"https:\/\/sexshopzagues.com.mx\/tienda\/index.php?rest_route=\/wp\/v2\/pages\/235\/revisions\/12228"}],"wp:attachment":[{"href":"https:\/\/sexshopzagues.com.mx\/tienda\/index.php?rest_route=%2Fwp%2Fv2%2Fmedia&parent=235"}],"curies":[{"name":"wp","href":"https:\/\/api.w.org\/{rel}","templated":true}]}}